{"id":4013,"date":"2023-03-16T14:49:25","date_gmt":"2023-03-16T13:49:25","guid":{"rendered":"https:\/\/paristribal.com\/?page_id=4013"},"modified":"2025-04-16T06:15:31","modified_gmt":"2025-04-16T05:15:31","slug":"exposition-heritage","status":"publish","type":"page","link":"http:\/\/paristribal.com\/en\/exposition-heritage\/","title":{"rendered":"Heritage Exhibition"},"content":{"rendered":"<div data-elementor-type=\"wp-page\" data-elementor-id=\"4013\" class=\"elementor elementor-4013\" data-elementor-post-type=\"page\">\n\t\t\t\t\t\t<section class=\"elementor-section elementor-top-section elementor-element elementor-element-f6cb063 elementor-section-boxed elementor-section-height-default elementor-section-height-default\" data-id=\"f6cb063\" data-element_type=\"section\">\n\t\t\t\t\t\t<div class=\"elementor-container elementor-column-gap-default\">\n\t\t\t\t\t<div class=\"elementor-column elementor-col-100 elementor-top-column elementor-element elementor-element-c3a7c3f\" data-id=\"c3a7c3f\" data-element_type=\"column\">\n\t\t\t<div class=\"elementor-widget-wrap elementor-element-populated\">\n\t\t\t\t\t\t<div class=\"elementor-element elementor-element-740803c elementor-widget elementor-widget-video\" data-id=\"740803c\" data-element_type=\"widget\" data-settings=\"{&quot;video_type&quot;:&quot;vimeo&quot;}\" data-widget_type=\"video.default\">\n\t\t\t\t<div class=\"elementor-widget-container\">\n\t\t\t<style>\/*! elementor - v3.20.0 - 20-03-2024 *\/\n.elementor-widget-video .elementor-widget-container{overflow:hidden;transform:translateZ(0)}.elementor-widget-video .elementor-wrapper{aspect-ratio:var(--video-aspect-ratio)}.elementor-widget-video .elementor-wrapper iframe,.elementor-widget-video .elementor-wrapper video{height:100%;width:100%;display:flex;border:none;background-color:#000}@supports not (aspect-ratio:1\/1){.elementor-widget-video .elementor-wrapper{position:relative;overflow:hidden;height:0;padding-bottom:calc(100% \/ var(--video-aspect-ratio))}.elementor-widget-video .elementor-wrapper iframe,.elementor-widget-video .elementor-wrapper video{position:absolute;top:0;right:0;bottom:0;left:0}}.elementor-widget-video .elementor-open-inline .elementor-custom-embed-image-overlay{position:absolute;top:0;right:0;bottom:0;left:0;background-size:cover;background-position:50%}.elementor-widget-video .elementor-custom-embed-image-overlay{cursor:pointer;text-align:center}.elementor-widget-video .elementor-custom-embed-image-overlay:hover .elementor-custom-embed-play i{opacity:1}.elementor-widget-video .elementor-custom-embed-image-overlay img{display:block;width:100%;aspect-ratio:var(--video-aspect-ratio);-o-object-fit:cover;object-fit:cover;-o-object-position:center center;object-position:center center}@supports not (aspect-ratio:1\/1){.elementor-widget-video .elementor-custom-embed-image-overlay{position:relative;overflow:hidden;height:0;padding-bottom:calc(100% \/ var(--video-aspect-ratio))}.elementor-widget-video .elementor-custom-embed-image-overlay img{position:absolute;top:0;right:0;bottom:0;left:0}}.elementor-widget-video .e-hosted-video .elementor-video{-o-object-fit:cover;object-fit:cover}.e-con-inner>.elementor-widget-video,.e-con>.elementor-widget-video{width:var(--container-widget-width);--flex-grow:var(--container-widget-flex-grow)}<\/style>\t\t<div class=\"elementor-wrapper elementor-open-inline\">\n\t\t\t<iframe class=\"elementor-video-iframe\" allowfullscreen allow=\"clipboard-write\" title=\"vimeo Video Player\" src=\"https:\/\/player.vimeo.com\/video\/818503904?color&autopause=0&loop=0&muted=0&title=0&portrait=0&byline=0#t=\"><\/iframe>\t\t<\/div>\n\t\t\t\t<\/div>\n\t\t\t\t<\/div>\n\t\t\t\t\t<\/div>\n\t\t<\/div>\n\t\t\t\t\t<\/div>\n\t\t<\/section>\n\t\t\t\t<section class=\"elementor-section elementor-top-section elementor-element elementor-element-b4c0716 elementor-section-boxed elementor-section-height-default elementor-section-height-default\" data-id=\"b4c0716\" data-element_type=\"section\">\n\t\t\t\t\t\t<div class=\"elementor-container elementor-column-gap-default\">\n\t\t\t\t\t<div class=\"elementor-column elementor-col-50 elementor-top-column elementor-element elementor-element-1a48200\" data-id=\"1a48200\" data-element_type=\"column\">\n\t\t\t<div class=\"elementor-widget-wrap elementor-element-populated\">\n\t\t\t\t\t\t<div class=\"elementor-element elementor-element-f0fe0eb elementor-widget elementor-widget-image\" data-id=\"f0fe0eb\" data-element_type=\"widget\" data-widget_type=\"image.default\">\n\t\t\t\t<div class=\"elementor-widget-container\">\n\t\t\t<style>\/*! elementor - v3.20.0 - 20-03-2024 *\/\n.elementor-widget-image{text-align:center}.elementor-widget-image a{display:inline-block}.elementor-widget-image a img[src$=\".svg\"]{width:48px}.elementor-widget-image img{vertical-align:middle;display:inline-block}<\/style>\t\t\t\t\t\t\t\t\t\t<img fetchpriority=\"high\" decoding=\"async\" width=\"800\" height=\"1294\" src=\"https:\/\/paristribal.com\/wp-content\/uploads\/2023\/03\/heritage.jpg\" class=\"attachment-full size-full wp-image-4018\" alt=\"\" srcset=\"https:\/\/paristribal.com\/wp-content\/uploads\/2023\/03\/heritage.jpg 800w, https:\/\/paristribal.com\/wp-content\/uploads\/2023\/03\/heritage-185x300.jpg 185w, https:\/\/paristribal.com\/wp-content\/uploads\/2023\/03\/heritage-633x1024.jpg 633w, https:\/\/paristribal.com\/wp-content\/uploads\/2023\/03\/heritage-768x1242.jpg 768w, https:\/\/paristribal.com\/wp-content\/uploads\/2023\/03\/heritage-7x12.jpg 7w\" sizes=\"(max-width: 800px) 100vw, 800px\" \/>\t\t\t\t\t\t\t\t\t\t\t\t\t<\/div>\n\t\t\t\t<\/div>\n\t\t\t\t\t<\/div>\n\t\t<\/div>\n\t\t\t\t<div class=\"elementor-column elementor-col-50 elementor-top-column elementor-element elementor-element-bf7cc4a\" data-id=\"bf7cc4a\" data-element_type=\"column\">\n\t\t\t<div class=\"elementor-widget-wrap elementor-element-populated\">\n\t\t\t\t\t\t<div class=\"elementor-element elementor-element-34781cf elementor-widget elementor-widget-text-editor\" data-id=\"34781cf\" data-element_type=\"widget\" data-widget_type=\"text-editor.default\">\n\t\t\t\t<div class=\"elementor-widget-container\">\n\t\t\t<style>\/*! elementor - v3.20.0 - 20-03-2024 *\/\n.elementor-widget-text-editor.elementor-drop-cap-view-stacked .elementor-drop-cap{background-color:#69727d;color:#fff}.elementor-widget-text-editor.elementor-drop-cap-view-framed .elementor-drop-cap{color:#69727d;border:3px solid;background-color:transparent}.elementor-widget-text-editor:not(.elementor-drop-cap-view-default) .elementor-drop-cap{margin-top:8px}.elementor-widget-text-editor:not(.elementor-drop-cap-view-default) .elementor-drop-cap-letter{width:1em;height:1em}.elementor-widget-text-editor .elementor-drop-cap{float:left;text-align:center;line-height:1;font-size:50px}.elementor-widget-text-editor .elementor-drop-cap-letter{display:inline-block}<\/style>\t\t\t\t<p>An art event coming to the Crous gallery to mark the 10th edition of Paris Tribal:<\/p><p><strong>HERITAGE \u2013 Arts Premiers & Art Moderne<br \/><\/strong>A collective exhibition, April 13-22, 2023<\/p><p>The participants of Paris Tribal, private collectors and international modern art galleries from Saint-Germain-des-Pr\u00e9s in Paris are thrilled to present a collective selection of artworks showcasing the universality of human genius.<\/p><p>For two weeks only, from April 13th to April 22nd, at the Crous gallery on rue des Beaux-Arts in Paris visitors will have the unique opportunity to discover a collection of paintings, sculptures and masks celebrating Art in all its forms.<\/p><p>Tribal and modern art are both integral parts of our artistic heritage. Some refer to their interconnections as influence, inspiration, echoes, common ground, or open-mindedness. In any case, it is indisputable that, throughout history, artists have shown exceptional receptiveness to the diverse artistic expressions of those who preceded them.<\/p><p class=\" translation-block\">The exhibition entitled HERITAGE will feature important sculptures, masks and paintings illustrating the <em>elective affinities<\/em> between Modern &amp; Tribal Arts<\/p><p>This collective exhibition under the aegis of Paris Tribal will be presented at the Crous de Paris<br>\n11 rue des Beaux-Arts<br>\n75006 Paris<br>\nfrom Friday 14 to Saturday 22 April 2023 Every day (except Sunday and Monday) : 11am - 7pm<br>\nFree exhibition, open to the public.<br \/><strong>Opening reception on Thursday April 13th, from 5pm to 9pm.<\/strong><\/p><p>HERITAGE, an exhibition under the aegis of Paris Tribal to mark the 10th edition of this international fair<\/p>\t\t\t\t\t\t<\/div>\n\t\t\t\t<\/div>\n\t\t\t\t\t<\/div>\n\t\t<\/div>\n\t\t\t\t\t<\/div>\n\t\t<\/section>\n\t\t\t\t<\/div>","protected":false},"excerpt":{"rendered":"<p>A l\u2019occasion de la dixi\u00e8me \u00e9dition de Paris Tribal, venez d\u00e9couvrir un \u00e9v\u00e9nement au c\u0153ur de notre salon : HERITAGE \u2013 Arts Premiers &#038; Art ModerneUne exposition collective \u00e0 la galerie du Crous du 13 au 22 avril 2023. Les participants de Paris Tribal, des collectionneurs priv\u00e9s et les galeries de r\u00e9f\u00e9rence d\u2019art moderne de &#8230; <a title=\"Heritage Exhibition\" class=\"read-more\" href=\"http:\/\/paristribal.com\/en\/exposition-heritage\/\">Read more<span class=\"screen-reader-text\">Heritage Exhibition<\/span><\/a><\/p>","protected":false},"author":1,"featured_media":0,"parent":0,"menu_order":0,"comment_status":"closed","ping_status":"closed","template":"elementor_header_footer","meta":{"_acf_changed":false,"footnotes":""},"acf":[],"_links":{"self":[{"href":"http:\/\/paristribal.com\/en\/wp-json\/wp\/v2\/pages\/4013"}],"collection":[{"href":"http:\/\/paristribal.com\/en\/wp-json\/wp\/v2\/pages"}],"about":[{"href":"http:\/\/paristribal.com\/en\/wp-json\/wp\/v2\/types\/page"}],"author":[{"embeddable":true,"href":"http:\/\/paristribal.com\/en\/wp-json\/wp\/v2\/users\/1"}],"replies":[{"embeddable":true,"href":"http:\/\/paristribal.com\/en\/wp-json\/wp\/v2\/comments?post=4013"}],"version-history":[{"count":24,"href":"http:\/\/paristribal.com\/en\/wp-json\/wp\/v2\/pages\/4013\/revisions"}],"predecessor-version":[{"id":4211,"href":"http:\/\/paristribal.com\/en\/wp-json\/wp\/v2\/pages\/4013\/revisions\/4211"}],"wp:attachment":[{"href":"http:\/\/paristribal.com\/en\/wp-json\/wp\/v2\/media?parent=4013"}],"curies":[{"name":"wp","href":"https:\/\/api.w.org\/{rel}","templated":true}]}}